{"id":1029,"date":"2026-02-05T12:34:49","date_gmt":"2026-02-05T12:34:49","guid":{"rendered":"https:\/\/bitnext.pixdev.hu\/?page_id=1029"},"modified":"2026-04-14T13:00:56","modified_gmt":"2026-04-14T13:00:56","slug":"contact","status":"publish","type":"page","link":"https:\/\/bitnext.pixdev.hu\/en_gb\/kapcsolat\/","title":{"rendered":"Contact"},"content":{"rendered":"\t\t<div data-elementor-type=\"wp-page\" data-elementor-id=\"1029\" class=\"elementor elementor-1029\" data-elementor-post-type=\"page\">\n\t\t\t\t<div class=\"elementor-element elementor-element-a39b4ec e-flex e-con-boxed e-con e-parent\" data-id=\"a39b4ec\" data-element_type=\"container\">\n\t\t\t\t\t<div class=\"e-con-inner\">\n\t\t<div class=\"elementor-element elementor-element-ad48752 e-con-full e-flex e-con e-child\" data-id=\"ad48752\" data-element_type=\"container\" data-settings=\"{&quot;background_background&quot;:&quot;classic&quot;}\">\n\t\t\t\t<div class=\"elementor-element elementor-element-0bfe9fb elementor-widget elementor-widget-heading\" data-id=\"0bfe9fb\" data-element_type=\"widget\" data-widget_type=\"heading.default\">\n\t\t\t\t\t<h4 class=\"elementor-heading-title elementor-size-default\">BitNext Kft.<\/h4>\t\t\t\t<\/div>\n\t\t\t\t<div class=\"elementor-element elementor-element-08f6ee6 elementor-icon-list--layout-traditional elementor-list-item-link-full_width elementor-widget elementor-widget-icon-list\" data-id=\"08f6ee6\" data-element_type=\"widget\" data-widget_type=\"icon-list.default\">\n\t\t\t\t\t\t\t<ul class=\"elementor-icon-list-items\">\n\t\t\t\t\t\t\t<li class=\"elementor-icon-list-item\">\n\t\t\t\t\t\t\t\t\t\t<span class=\"elementor-icon-list-text\">C\u00e9gn\u00e9v: BitNext Informatikai Korl\u00e1tolt Felel\u0151ss\u00e9g\u0171 T\u00e1rsas\u00e1g<\/span>\n\t\t\t\t\t\t\t\t\t<\/li>\n\t\t\t\t\t\t\t\t<li class=\"elementor-icon-list-item\">\n\t\t\t\t\t\t\t\t\t\t<span class=\"elementor-icon-list-text\">Sz\u00e9khely: 1114 Budapest, Bocskai \u00fat 11. Fsz. 2. ajt\u00f3<\/span>\n\t\t\t\t\t\t\t\t\t<\/li>\n\t\t\t\t\t\t\t\t<li class=\"elementor-icon-list-item\">\n\t\t\t\t\t\t\t\t\t\t<span class=\"elementor-icon-list-text\">C\u00e9gjegyz\u00e9ksz\u00e1m: 01-09-435912<\/span>\n\t\t\t\t\t\t\t\t\t<\/li>\n\t\t\t\t\t\t\t\t<li class=\"elementor-icon-list-item\">\n\t\t\t\t\t\t\t\t\t\t<span class=\"elementor-icon-list-text\">Ad\u00f3sz\u00e1m: 32659373-2-43<\/span>\n\t\t\t\t\t\t\t\t\t<\/li>\n\t\t\t\t\t\t\t\t<li class=\"elementor-icon-list-item\">\n\t\t\t\t\t\t\t\t\t\t<span class=\"elementor-icon-list-text\">K\u00f6z\u00f6ss\u00e9gi ad\u00f3sz\u00e1m: HU32659373<\/span>\n\t\t\t\t\t\t\t\t\t<\/li>\n\t\t\t\t\t\t\t\t<li class=\"elementor-icon-list-item\">\n\t\t\t\t\t\t\t\t\t\t<span class=\"elementor-icon-list-text\">Banksz\u00e1mlasz\u00e1m: <br \/>HUF - 10400968-50527166-71871004 <br \/>EUR - 10400968-50527166-71871011<\/span>\n\t\t\t\t\t\t\t\t\t<\/li>\n\t\t\t\t\t\t<\/ul>\n\t\t\t\t\t\t<\/div>\n\t\t\t\t<\/div>\n\t\t<div class=\"elementor-element elementor-element-96d28e6 e-con-full e-flex e-con e-child\" data-id=\"96d28e6\" data-element_type=\"container\" data-settings=\"{&quot;background_background&quot;:&quot;classic&quot;}\">\n\t\t\t\t<div class=\"elementor-element elementor-element-e746950 elementor-widget elementor-widget-heading\" data-id=\"e746950\" data-element_type=\"widget\" data-widget_type=\"heading.default\">\n\t\t\t\t\t<h4 class=\"elementor-heading-title elementor-size-default\">Inform\u00e1ci\u00f3<\/h4>\t\t\t\t<\/div>\n\t\t\t\t<div class=\"elementor-element elementor-element-777c307 elementor-widget elementor-widget-heading\" data-id=\"777c307\" data-element_type=\"widget\" data-widget_type=\"heading.default\">\n\t\t\t\t\t<p class=\"elementor-heading-title elementor-size-default\">Aj\u00e1nlatk\u00e9r\u00e9s \/ Sz\u00e1ml\u00e1z\u00e1s<\/p>\t\t\t\t<\/div>\n\t\t\t\t<div class=\"elementor-element elementor-element-5bc3f24 elementor-icon-list--layout-traditional elementor-list-item-link-full_width elementor-widget elementor-widget-icon-list\" data-id=\"5bc3f24\" data-element_type=\"widget\" data-widget_type=\"icon-list.default\">\n\t\t\t\t\t\t\t<ul class=\"elementor-icon-list-items\">\n\t\t\t\t\t\t\t<li class=\"elementor-icon-list-item\">\n\t\t\t\t\t\t\t\t\t\t<span class=\"elementor-icon-list-text\">Mobil: +36 20 800 87 87<\/span>\n\t\t\t\t\t\t\t\t\t<\/li>\n\t\t\t\t\t\t<\/ul>\n\t\t\t\t\t\t<\/div>\n\t\t\t\t<div class=\"elementor-element elementor-element-cc345c3 elementor-widget elementor-widget-html\" data-id=\"cc345c3\" data-element_type=\"widget\" data-widget_type=\"html.default\">\n\t\t\t\t\t<span class=\"email-link\"style=\"color:#f3faff;\"><\/span>\t\t\t\t<\/div>\n\t\t\t\t<\/div>\n\t\t<div class=\"elementor-element elementor-element-c72a062 e-con-full e-flex e-con e-child\" data-id=\"c72a062\" data-element_type=\"container\" id=\"kapcsolatiform\" data-settings=\"{&quot;background_background&quot;:&quot;classic&quot;}\">\n\t\t\t\t<div class=\"elementor-element elementor-element-ea5220a elementor-widget elementor-widget-heading\" data-id=\"ea5220a\" data-element_type=\"widget\" data-widget_type=\"heading.default\">\n\t\t\t\t\t<h4 class=\"elementor-heading-title elementor-size-default\">\u00cdrjon nek\u00fcnk!<\/h4>\t\t\t\t<\/div>\n\t\t\t\t<div class=\"elementor-element elementor-element-df13eaa elementor-button-align-start elementor-widget elementor-widget-form\" data-id=\"df13eaa\" data-element_type=\"widget\" data-settings=\"{&quot;step_next_label&quot;:&quot;Next&quot;,&quot;step_previous_label&quot;:&quot;Previous&quot;,&quot;button_width&quot;:&quot;100&quot;,&quot;step_type&quot;:&quot;number_text&quot;,&quot;step_icon_shape&quot;:&quot;circle&quot;}\" data-widget_type=\"form.default\">\n\t\t\t\t\t\t\t<form class=\"elementor-form\" method=\"post\" name=\"New Form\" aria-label=\"New Form\">\n\t\t\t<input type=\"hidden\" name=\"post_id\" value=\"1029\"\/>\n\t\t\t<input type=\"hidden\" name=\"form_id\" value=\"df13eaa\"\/>\n\t\t\t<input type=\"hidden\" name=\"referer_title\" value=\"Kapcsolat\" \/>\n\n\t\t\t\t\t\t\t<input type=\"hidden\" name=\"queried_id\" value=\"1029\"\/>\n\t\t\t\n\t\t\t<div class=\"elementor-form-fields-wrapper elementor-labels-\">\n\t\t\t\t\t\t\t\t<div class=\"elementor-field-type-text elementor-field-group elementor-column elementor-field-group-name elementor-col-100 elementor-field-required\">\n\t\t\t\t\t\t\t\t\t\t\t\t<label for=\"form-field-name\" class=\"elementor-field-label elementor-screen-only\">\n\t\t\t\t\t\t\t\tN\u00e9v\t\t\t\t\t\t\t<\/label>\n\t\t\t\t\t\t\t\t\t\t\t\t\t\t<input size=\"1\" type=\"text\" name=\"form_fields[name]\" id=\"form-field-name\" class=\"elementor-field elementor-size-md  elementor-field-textual\" placeholder=\"N\u00e9v\" required=\"required\">\n\t\t\t\t\t\t\t\t\t\t\t<\/div>\n\t\t\t\t\t\t\t\t<div class=\"elementor-field-type-email elementor-field-group elementor-column elementor-field-group-email elementor-col-100 elementor-field-required\">\n\t\t\t\t\t\t\t\t\t\t\t\t<label for=\"form-field-email\" class=\"elementor-field-label elementor-screen-only\">\n\t\t\t\t\t\t\t\tE-mail c\u00edm\t\t\t\t\t\t\t<\/label>\n\t\t\t\t\t\t\t\t\t\t\t\t\t\t<input size=\"1\" type=\"email\" name=\"form_fields[email]\" id=\"form-field-email\" class=\"elementor-field elementor-size-md  elementor-field-textual\" placeholder=\"E-mail c\u00edm\" required=\"required\">\n\t\t\t\t\t\t\t\t\t\t\t<\/div>\n\t\t\t\t\t\t\t\t<div class=\"elementor-field-type-tel elementor-field-group elementor-column elementor-field-group-field_828c11f elementor-col-100\">\n\t\t\t\t\t\t\t\t\t\t\t\t<label for=\"form-field-field_828c11f\" class=\"elementor-field-label elementor-screen-only\">\n\t\t\t\t\t\t\t\tTelefon\t\t\t\t\t\t\t<\/label>\n\t\t\t\t\t\t\t\t<input size=\"1\" type=\"tel\" name=\"form_fields[field_828c11f]\" id=\"form-field-field_828c11f\" class=\"elementor-field elementor-size-md  elementor-field-textual\" placeholder=\"Telefon\" pattern=\"[0-9()#&amp;+*-=.]+\" title=\"Only numbers and phone characters (#, -, *, etc) are accepted.\">\n\n\t\t\t\t\t\t<\/div>\n\t\t\t\t\t\t\t\t<div class=\"elementor-field-type-select elementor-field-group elementor-column elementor-field-group-field_d583c55 elementor-col-100 elementor-field-required\">\n\t\t\t\t\t\t\t<div class=\"elementor-field elementor-select-wrapper remove-before \">\n\t\t\t<div class=\"select-caret-down-wrapper\">\n\t\t\t\t<svg aria-hidden=\"true\" class=\"e-font-icon-svg e-eicon-caret-down\" viewBox=\"0 0 571.4 571.4\" xmlns=\"http:\/\/www.w3.org\/2000\/svg\"><path d=\"M571 393Q571 407 561 418L311 668Q300 679 286 679T261 668L11 418Q0 407 0 393T11 368 36 357H536Q550 357 561 368T571 393Z\"><\/path><\/svg>\t\t\t<\/div>\n\t\t\t<select name=\"form_fields[field_d583c55]\" id=\"form-field-field_d583c55\" class=\"elementor-field-textual elementor-size-md\" required=\"required\">\n\t\t\t\t\t\t\t\t\t<option value=\"\u00c1ltal\u00e1nos aj\u00e1nlatk\u00e9r\u00e9s\">\u00c1ltal\u00e1nos aj\u00e1nlatk\u00e9r\u00e9s<\/option>\n\t\t\t\t\t\t\t\t\t<option value=\"VPS b\u00e9rl\u00e9s\">VPS b\u00e9rl\u00e9s<\/option>\n\t\t\t\t\t\t\t\t\t<option value=\"Szerverg\u00e9p b\u00e9rl\u00e9s\">Szerverg\u00e9p b\u00e9rl\u00e9s<\/option>\n\t\t\t\t\t\t\t\t\t<option value=\"Server hosting\">Server hosting<\/option>\n\t\t\t\t\t\t\t\t\t<option value=\"On-premise megold\u00e1sok\">On-premise megold\u00e1sok<\/option>\n\t\t\t\t\t\t\t\t\t<option value=\"IT Outsourcing\">IT Outsourcing<\/option>\n\t\t\t\t\t\t\t\t\t<option value=\"H\u00e1l\u00f3zat ki\u00e9p\u00edt\u00e9s\">H\u00e1l\u00f3zat ki\u00e9p\u00edt\u00e9s<\/option>\n\t\t\t\t\t\t\t\t\t<option value=\"Microsoft 365 bevezet\u00e9s\">Microsoft 365 bevezet\u00e9s<\/option>\n\t\t\t\t\t\t\t\t\t<option value=\"Licenszel\u00e9si tan\u00e1csad\u00e1s\">Licenszel\u00e9si tan\u00e1csad\u00e1s<\/option>\n\t\t\t\t\t\t\t\t\t<option value=\"IT Audit\">IT Audit<\/option>\n\t\t\t\t\t\t\t<\/select>\n\t\t<\/div>\n\t\t\t\t\t\t<\/div>\n\t\t\t\t\t\t\t\t<div class=\"elementor-field-type-textarea elementor-field-group elementor-column elementor-field-group-message elementor-col-100 elementor-field-required\">\n\t\t\t\t\t\t\t\t\t\t\t\t<label for=\"form-field-message\" class=\"elementor-field-label elementor-screen-only\">\n\t\t\t\t\t\t\t\t\u00dczenet\t\t\t\t\t\t\t<\/label>\n\t\t\t\t\t\t<textarea class=\"elementor-field-textual elementor-field  elementor-size-md\" name=\"form_fields[message]\" id=\"form-field-message\" rows=\"4\" placeholder=\"\u00dczenet\" required=\"required\"><\/textarea>\t\t\t\t<\/div>\n\t\t\t\t\t\t\t\t<div class=\"elementor-field-type-acceptance elementor-field-group elementor-column elementor-field-group-field_5ad6289 elementor-col-100 elementor-field-required\">\n\t\t\t\t\t\t\t<div class=\"elementor-field-subgroup\">\n\t\t\t<span class=\"elementor-field-option\">\n\t\t\t\t<input type=\"checkbox\" name=\"form_fields[field_5ad6289]\" id=\"form-field-field_5ad6289\" class=\"elementor-field elementor-size-md  elementor-acceptance-field\" required=\"required\">\n\t\t\t\t<label for=\"form-field-field_5ad6289\">Elfogadom az Adatkezel\u00e9si t\u00e1j\u00e9koztat\u00f3ban foglaltakat<\/label>\t\t\t<\/span>\n\t\t<\/div>\n\t\t\t\t\t\t<\/div>\n\t\t\t\t\t\t\t\t<div class=\"elementor-field-type-recaptcha_v3 elementor-field-group elementor-column elementor-field-group-field_cfef82d elementor-col-100 recaptcha_v3-inline\">\n\t\t\t\t\t<div class=\"elementor-field\" id=\"form-field-field_cfef82d\"><div class=\"elementor-g-recaptcha\" data-sitekey=\"6Lf2Un0sAAAAACNEeWhoB9CEkAJJOjnBd31cIQ0v\" data-type=\"v3\" data-action=\"Form\" data-badge=\"inline\" data-size=\"invisible\"><\/div><\/div>\t\t\t\t<\/div>\n\t\t\t\t\t\t\t\t<div class=\"elementor-field-group elementor-column elementor-field-type-submit elementor-col-100 e-form__buttons\">\n\t\t\t\t\t<button class=\"elementor-button elementor-size-sm\" type=\"submit\">\n\t\t\t\t\t\t<span class=\"elementor-button-content-wrapper\">\n\t\t\t\t\t\t\t\t\t\t\t\t\t\t\t\t\t\t\t\t\t\t<span class=\"elementor-button-text\">K\u00fcld\u00e9s<\/span>\n\t\t\t\t\t\t\t\t\t\t\t\t\t<\/span>\n\t\t\t\t\t<\/button>\n\t\t\t\t<\/div>\n\t\t\t<\/div>\n\t\t<\/form>\n\t\t\t\t\t\t<\/div>\n\t\t\t\t<\/div>\n\t\t\t\t\t<\/div>\n\t\t\t\t<\/div>\n\t\t<div class=\"elementor-element elementor-element-08bcc06 e-flex e-con-boxed e-con e-parent\" data-id=\"08bcc06\" data-element_type=\"container\">\n\t\t\t\t\t<div class=\"e-con-inner\">\n\t\t\t\t<div class=\"elementor-element elementor-element-bfddab1 elementor-widget elementor-widget-google_maps\" data-id=\"bfddab1\" data-element_type=\"widget\" data-widget_type=\"google_maps.default\">\n\t\t\t\t\t\t\t<div class=\"elementor-custom-embed\">\n\t\t\t<iframe loading=\"lazy\"\n\t\t\t\t\tsrc=\"https:\/\/maps.google.com\/maps?q=T-Systems%20Cloud%20%26%20Data%20Center%201087%20Budapest%2C%20Asztalos%20S%C3%A1ndor%20%C3%BAt%2013.&#038;t=m&#038;z=13&#038;output=embed&#038;iwloc=near\"\n\t\t\t\t\ttitle=\"T-Systems Cloud &amp; Data Center 1087 Budapest, Asztalos S\u00e1ndor \u00fat 13.\"\n\t\t\t\t\taria-label=\"T-Systems Cloud &amp; Data Center 1087 Budapest, Asztalos S\u00e1ndor \u00fat 13.\"\n\t\t\t><\/iframe>\n\t\t<\/div>\n\t\t\t\t\t\t<\/div>\n\t\t\t\t\t<\/div>\n\t\t\t\t<\/div>\n\t\t\t\t<\/div>\n\t\t","protected":false},"excerpt":{"rendered":"<p>BitNext Kft. C\u00e9gn\u00e9v: BitNext Informatikai Korl\u00e1tolt Felel\u0151ss\u00e9g\u0171 T\u00e1rsas\u00e1g Sz\u00e9khely: 1114 Budapest, Bocskai \u00fat 11. Fsz. 2. ajt\u00f3 C\u00e9gjegyz\u00e9ksz\u00e1m: 01-09-435912 Ad\u00f3sz\u00e1m: 32659373-2-43 K\u00f6z\u00f6ss\u00e9gi ad\u00f3sz\u00e1m: HU32659373 Banksz\u00e1mlasz\u00e1m: HUF &#8211; 10400968-50527166-71871004 EUR &#8211; 10400968-50527166-71871011 Inform\u00e1ci\u00f3 Aj\u00e1nlatk\u00e9r\u00e9s \/ Sz\u00e1ml\u00e1z\u00e1s Mobil: +36 20 800 87 87 \u00cdrjon nek\u00fcnk!<\/p>","protected":false},"author":1,"featured_media":0,"parent":0,"menu_order":0,"comment_status":"closed","ping_status":"closed","template":"","meta":{"footnotes":""},"class_list":["post-1029","page","type-page","status-publish","hentry"],"_links":{"self":[{"href":"https:\/\/bitnext.pixdev.hu\/en_gb\/wp-json\/wp\/v2\/pages\/1029","targetHints":{"allow":["GET"]}}],"collection":[{"href":"https:\/\/bitnext.pixdev.hu\/en_gb\/wp-json\/wp\/v2\/pages"}],"about":[{"href":"https:\/\/bitnext.pixdev.hu\/en_gb\/wp-json\/wp\/v2\/types\/page"}],"author":[{"embeddable":true,"href":"https:\/\/bitnext.pixdev.hu\/en_gb\/wp-json\/wp\/v2\/users\/1"}],"replies":[{"embeddable":true,"href":"https:\/\/bitnext.pixdev.hu\/en_gb\/wp-json\/wp\/v2\/comments?post=1029"}],"version-history":[{"count":73,"href":"https:\/\/bitnext.pixdev.hu\/en_gb\/wp-json\/wp\/v2\/pages\/1029\/revisions"}],"predecessor-version":[{"id":2383,"href":"https:\/\/bitnext.pixdev.hu\/en_gb\/wp-json\/wp\/v2\/pages\/1029\/revisions\/2383"}],"wp:attachment":[{"href":"https:\/\/bitnext.pixdev.hu\/en_gb\/wp-json\/wp\/v2\/media?parent=1029"}],"curies":[{"name":"wp","href":"https:\/\/api.w.org\/{rel}","templated":true}]}}