{"id":1035,"date":"2026-02-05T12:35:14","date_gmt":"2026-02-05T12:35:14","guid":{"rendered":"https:\/\/bitnext.pixdev.hu\/?page_id=1035"},"modified":"2026-04-15T13:11:40","modified_gmt":"2026-04-15T13:11:40","slug":"impresszum","status":"publish","type":"page","link":"https:\/\/bitnext.pixdev.hu\/en_gb\/impresszum\/","title":{"rendered":"Impress"},"content":{"rendered":"<div data-elementor-type=\"wp-page\" data-elementor-id=\"1035\" class=\"elementor elementor-1035\" data-elementor-post-type=\"page\">\n\t\t\t\t<div class=\"elementor-element elementor-element-4c0e5378 e-flex e-con-boxed e-con e-parent\" data-id=\"4c0e5378\" data-element_type=\"container\">\n\t\t\t\t\t<div class=\"e-con-inner\">\n\t\t<div class=\"elementor-element elementor-element-394c829 e-con-full e-flex e-con e-child\" data-id=\"394c829\" data-element_type=\"container\">\n\t\t\t\t<div class=\"elementor-element elementor-element-bebb73f elementor-widget elementor-widget-text-editor\" data-id=\"bebb73f\" data-element_type=\"widget\" data-widget_type=\"text-editor.default\">\n\t\t\t\t\t\t\t\t\t<h3>V\u00e1llalkoz\u00e1s adatai:<\/h3><p>C\u00e9g neve: BitNext Informatikai Korl\u00e1tolt Felel\u0151ss\u00e9g\u0171 T\u00e1rsas\u00e1g<br \/>Sz\u00e9khelye: 1114 Budapest, Bocskai \u00fat 11.<br \/>Ad\u00f3sz\u00e1ma: 32659373-2-43<br \/>EU TAX number: HU32659373<br \/>C\u00e9gjegyz\u00e9ksz\u00e1ma: 01-09-435912<br \/>Bank accounts number:<br \/>HUF &#8211; 10400968-50527166-71871004<br \/>EUR &#8211; 10400968-50527166-71871011<\/p><p>K\u00e9pvisel\u0151 neve: G\u00e1lfi P\u00e9ter Andr\u00e1s<br \/>Telefonsz\u00e1m: +36 20 800 87 87<\/p>\t\t\t\t\t\t\t\t<\/div>\n\t\t\t\t<div class=\"elementor-element elementor-element-53254c6 elementor-widget elementor-widget-html\" data-id=\"53254c6\" data-element_type=\"widget\" data-widget_type=\"html.default\">\n\t\t\t\t\t<span class=\"email-link\" style=\"color:#f3faff;\"><\/span>\t\t\t\t<\/div>\n\t\t\t\t<\/div>\n\t\t<div class=\"elementor-element elementor-element-3538c1f e-con-full e-flex e-con e-child\" data-id=\"3538c1f\" data-element_type=\"container\">\n\t\t\t\t<div class=\"elementor-element elementor-element-0241d4c elementor-widget elementor-widget-text-editor\" data-id=\"0241d4c\" data-element_type=\"widget\" data-widget_type=\"text-editor.default\">\n\t\t\t\t\t\t\t\t\t<h3>T\u00e1rhelyszolg\u00e1ltat\u00f3 adatai:<\/h3><p>Company name: BitNext Informatikai Korl\u00e1tolt Felel\u0151ss\u00e9g\u0171 T\u00e1rsas\u00e1g<br \/>C\u00edm: 1114 Budapest Bocskai \u00fat 11.<br \/>T\u00e1rol\u00e1s helye:<br \/>Telefonsz\u00e1m: +36 20 800 87 87<\/p>\t\t\t\t\t\t\t\t<\/div>\n\t\t\t\t<div class=\"elementor-element elementor-element-91ccf5a elementor-widget elementor-widget-html\" data-id=\"91ccf5a\" data-element_type=\"widget\" data-widget_type=\"html.default\">\n\t\t\t\t\t<span class=\"email-link\" style=\"color:#f3faff;\"><\/span>\t\t\t\t<\/div>\n\t\t\t\t<\/div>\n\t\t\t\t\t<\/div>\n\t\t\t\t<\/div>\n\t\t\t\t<\/div>","protected":false},"excerpt":{"rendered":"<p>V\u00e1llalkoz\u00e1s adatai: C\u00e9g neve: BitNext Informatikai Korl\u00e1tolt Felel\u0151ss\u00e9g\u0171 T\u00e1rsas\u00e1gSz\u00e9khelye: 1114 Budapest, Bocskai \u00fat 11.Ad\u00f3sz\u00e1ma: 32659373-2-43K\u00f6z\u00f6ss\u00e9gi ad\u00f3sz\u00e1m: HU32659373C\u00e9gjegyz\u00e9ksz\u00e1ma: 01-09-435912Banksz\u00e1mlasz\u00e1m:HUF &#8211; 10400968-50527166-71871004EUR &#8211; 10400968-50527166-71871011 K\u00e9pvisel\u0151 neve: G\u00e1lfi P\u00e9ter Andr\u00e1sTelefonsz\u00e1m: +36 20 800 87 87 T\u00e1rhelyszolg\u00e1ltat\u00f3 adatai: C\u00e9gn\u00e9v: BitNext Informatikai Korl\u00e1tolt Felel\u0151ss\u00e9g\u0171 T\u00e1rsas\u00e1gC\u00edm: 1114 Budapest Bocskai \u00fat 11.T\u00e1rol\u00e1s helye:Telefonsz\u00e1m: +36 20 800 87 87<\/p>","protected":false},"author":1,"featured_media":0,"parent":0,"menu_order":0,"comment_status":"closed","ping_status":"closed","template":"","meta":{"footnotes":""},"class_list":["post-1035","page","type-page","status-publish","hentry"],"_links":{"self":[{"href":"https:\/\/bitnext.pixdev.hu\/en_gb\/wp-json\/wp\/v2\/pages\/1035","targetHints":{"allow":["GET"]}}],"collection":[{"href":"https:\/\/bitnext.pixdev.hu\/en_gb\/wp-json\/wp\/v2\/pages"}],"about":[{"href":"https:\/\/bitnext.pixdev.hu\/en_gb\/wp-json\/wp\/v2\/types\/page"}],"author":[{"embeddable":true,"href":"https:\/\/bitnext.pixdev.hu\/en_gb\/wp-json\/wp\/v2\/users\/1"}],"replies":[{"embeddable":true,"href":"https:\/\/bitnext.pixdev.hu\/en_gb\/wp-json\/wp\/v2\/comments?post=1035"}],"version-history":[{"count":20,"href":"https:\/\/bitnext.pixdev.hu\/en_gb\/wp-json\/wp\/v2\/pages\/1035\/revisions"}],"predecessor-version":[{"id":2397,"href":"https:\/\/bitnext.pixdev.hu\/en_gb\/wp-json\/wp\/v2\/pages\/1035\/revisions\/2397"}],"wp:attachment":[{"href":"https:\/\/bitnext.pixdev.hu\/en_gb\/wp-json\/wp\/v2\/media?parent=1035"}],"curies":[{"name":"wp","href":"https:\/\/api.w.org\/{rel}","templated":true}]}}