{"id":1946,"date":"2026-03-10T10:15:22","date_gmt":"2026-03-10T10:15:22","guid":{"rendered":"https:\/\/bitnext.pixdev.hu\/?page_id=1946"},"modified":"2026-03-24T11:37:42","modified_gmt":"2026-03-24T11:37:42","slug":"case-studies","status":"publish","type":"page","link":"https:\/\/bitnext.pixdev.hu\/en_gb\/esettanulmanyok\/","title":{"rendered":"Case studies"},"content":{"rendered":"\t\t<div data-elementor-type=\"wp-page\" data-elementor-id=\"1946\" class=\"elementor elementor-1946\" data-elementor-post-type=\"page\">\n\t\t\t\t<div class=\"elementor-element elementor-element-542285a e-flex e-con-boxed e-con e-parent\" data-id=\"542285a\" data-element_type=\"container\">\n\t\t\t\t\t<div class=\"e-con-inner\">\n\t\t\t\t<div class=\"elementor-element elementor-element-d9f32b3 elementor-grid-2 elementor-grid-tablet-2 elementor-grid-mobile-1 elementor-widget elementor-widget-loop-grid\" data-id=\"d9f32b3\" data-element_type=\"widget\" data-settings=\"{&quot;template_id&quot;:&quot;1961&quot;,&quot;columns&quot;:2,&quot;_skin&quot;:&quot;post&quot;,&quot;columns_tablet&quot;:&quot;2&quot;,&quot;columns_mobile&quot;:&quot;1&quot;,&quot;edit_handle_selector&quot;:&quot;[data-elementor-type=\\&quot;loop-item\\&quot;]&quot;,&quot;row_gap&quot;:{&quot;unit&quot;:&quot;px&quot;,&quot;size&quot;:&quot;&quot;,&quot;sizes&quot;:[]},&quot;row_gap_tablet&quot;:{&quot;unit&quot;:&quot;px&quot;,&quot;size&quot;:&quot;&quot;,&quot;sizes&quot;:[]},&quot;row_gap_mobile&quot;:{&quot;unit&quot;:&quot;px&quot;,&quot;size&quot;:&quot;&quot;,&quot;sizes&quot;:[]}}\" data-widget_type=\"loop-grid.post\">\n\t\t\t\t<div class=\"elementor-widget-container\">\n\t\t\t\t\t\t\t<div class=\"elementor-loop-container elementor-grid\" role=\"list\">\n\t\t<style id=\"loop-1961\">.elementor-1961 .elementor-element.elementor-element-65eda6f{--display:flex;--gap:0px 0px;--row-gap:0px;--column-gap:0px;}.elementor-1961 .elementor-element.elementor-element-0a2184f{--display:flex;--justify-content:space-between;--gap:0px 0px;--row-gap:0px;--column-gap:0px;border-style:solid;--border-style:solid;border-width:1px 1px 1px 1px;--border-top-width:1px;--border-right-width:1px;--border-bottom-width:1px;--border-left-width:1px;border-color:#FFFBFB40;--border-color:#FFFBFB40;--border-radius:12px 12px 12px 12px;--padding-top:20px;--padding-bottom:20px;--padding-left:20px;--padding-right:20px;}.elementor-1961 .elementor-element.elementor-element-0a2184f:not(.elementor-motion-effects-element-type-background), .elementor-1961 .elementor-element.elementor-element-0a2184f > .elementor-motion-effects-container > .elementor-motion-effects-layer{background-color:transparent;background-image:linear-gradient(110deg, #07101AAD 0%, #07101A85 79%);}.elementor-1961 .elementor-element.elementor-element-0a2184f.e-con{--flex-grow:1;--flex-shrink:0;}.elementor-1961 .elementor-element.elementor-element-dcb132a{--display:flex;--margin-top:0px;--margin-bottom:20px;--margin-left:0px;--margin-right:0px;--padding-top:0px;--padding-bottom:0px;--padding-left:0px;--padding-right:0px;}.elementor-widget-image .widget-image-caption{color:var( --e-global-color-text );font-family:var( --e-global-typography-text-font-family ), Sans-serif;font-weight:var( --e-global-typography-text-font-weight );}.elementor-1961 .elementor-element.elementor-element-2268cc0{padding:20px 10px 20px 10px;text-align:left;}.elementor-1961 .elementor-element.elementor-element-2268cc0 img{width:146px;height:300px;object-fit:cover;object-position:center center;}.elementor-widget-heading .elementor-heading-title{font-family:var( --e-global-typography-primary-font-family ), Sans-serif;font-weight:var( --e-global-typography-primary-font-weight );color:var( --e-global-color-primary );}.elementor-1961 .elementor-element.elementor-element-a1c0d8c{margin:0px 0px calc(var(--kit-widget-spacing, 0px) + 12px) 0px;}.elementor-1961 .elementor-element.elementor-element-a1c0d8c .elementor-heading-title{color:var( --e-global-color-0113799 );}.elementor-widget-theme-post-excerpt{font-family:var( --e-global-typography-text-font-family ), Sans-serif;font-weight:var( --e-global-typography-text-font-weight );color:var( --e-global-color-text );}.elementor-1961 .elementor-element.elementor-element-250ed49{color:var( --e-global-color-0113799 );}.elementor-widget-button .elementor-button{background-color:var( --e-global-color-accent );font-family:var( --e-global-typography-accent-font-family ), Sans-serif;font-weight:var( --e-global-typography-accent-font-weight );}.elementor-1961 .elementor-element.elementor-element-271b636 .elementor-button{fill:var( --e-global-color-0113799 );color:var( --e-global-color-0113799 );}@media(min-width:768px){.elementor-1961 .elementor-element.elementor-element-0a2184f{--width:96%;}}\/* Start custom CSS for container, class: .elementor-element-0a2184f *\/.elementor-1961 .elementor-element.elementor-element-0a2184f {\n    backdrop-filter: blur(8px);\n}\/* End custom CSS *\/<\/style>\t\t<div data-elementor-type=\"loop-item\" data-elementor-id=\"1961\" class=\"elementor elementor-1961 e-loop-item e-loop-item-2233 post-2233 post type-post status-publish format-standard hentry category-esettanulmany\" data-elementor-post-type=\"elementor_library\" data-custom-edit-handle=\"1\">\n\t\t\t<div class=\"elementor-element elementor-element-65eda6f e-flex e-con-boxed e-con e-parent\" data-id=\"65eda6f\" data-element_type=\"container\">\n\t\t\t\t\t<div class=\"e-con-inner\">\n\t\t<div class=\"elementor-element elementor-element-0a2184f e-con-full e-flex e-con e-child\" data-id=\"0a2184f\" data-element_type=\"container\" data-settings=\"{&quot;background_background&quot;:&quot;gradient&quot;}\">\n\t\t<div class=\"elementor-element elementor-element-dcb132a e-con-full e-flex e-con e-child\" data-id=\"dcb132a\" data-element_type=\"container\">\n\t\t\t\t<div class=\"elementor-element elementor-element-a1c0d8c elementor-widget elementor-widget-heading\" data-id=\"a1c0d8c\" data-element_type=\"widget\" data-widget_type=\"heading.default\">\n\t\t\t\t\t<h4 class=\"elementor-heading-title elementor-size-default\">VMware-alap\u00fa failover cluster ki\u00e9p\u00edt\u00e9se kereskedelmi infrastrukt\u00far\u00e1hoz<\/h4>\t\t\t\t<\/div>\n\t\t\t\t<\/div>\n\t\t\t\t<div class=\"elementor-element elementor-element-271b636 elementor-widget elementor-widget-button\" data-id=\"271b636\" data-element_type=\"widget\" data-widget_type=\"button.default\">\n\t\t\t\t\t\t\t\t\t\t<a class=\"elementor-button elementor-button-link elementor-size-sm\" href=\"https:\/\/bitnext.pixdev.hu\/en_gb\/vmware-alapu-failover-cluster-kiepitese-kereskedelmi-infrastrukturahoz\/\">\n\t\t\t\t\t\t<span class=\"elementor-button-content-wrapper\">\n\t\t\t\t\t\t\t\t\t<span class=\"elementor-button-text\">B\u0151vebben<\/span>\n\t\t\t\t\t<\/span>\n\t\t\t\t\t<\/a>\n\t\t\t\t\t\t\t\t<\/div>\n\t\t\t\t<\/div>\n\t\t\t\t\t<\/div>\n\t\t\t\t<\/div>\n\t\t\t\t<\/div>\n\t\t\t\t<div data-elementor-type=\"loop-item\" data-elementor-id=\"1961\" class=\"elementor elementor-1961 e-loop-item e-loop-item-1851 post-1851 post type-post status-publish format-standard hentry category-esettanulmany\" data-elementor-post-type=\"elementor_library\" data-custom-edit-handle=\"1\">\n\t\t\t<div class=\"elementor-element elementor-element-65eda6f e-flex e-con-boxed e-con e-parent\" data-id=\"65eda6f\" data-element_type=\"container\">\n\t\t\t\t\t<div class=\"e-con-inner\">\n\t\t<div class=\"elementor-element elementor-element-0a2184f e-con-full e-flex e-con e-child\" data-id=\"0a2184f\" data-element_type=\"container\" data-settings=\"{&quot;background_background&quot;:&quot;gradient&quot;}\">\n\t\t<div class=\"elementor-element elementor-element-dcb132a e-con-full e-flex e-con e-child\" data-id=\"dcb132a\" data-element_type=\"container\">\n\t\t\t\t<div class=\"elementor-element elementor-element-a1c0d8c elementor-widget elementor-widget-heading\" data-id=\"a1c0d8c\" data-element_type=\"widget\" data-widget_type=\"heading.default\">\n\t\t\t\t\t<h4 class=\"elementor-heading-title elementor-size-default\">Tranzakci\u00f3alap\u00fa adat-szinkroniz\u00e1ci\u00f3 SQL Szerverek k\u00f6z\u00f6tt, Power BI kiszolg\u00e1l\u00e1s\u00e1ra<\/h4>\t\t\t\t<\/div>\n\t\t\t\t<div class=\"elementor-element elementor-element-250ed49 elementor-widget elementor-widget-theme-post-excerpt\" data-id=\"250ed49\" data-element_type=\"widget\" data-widget_type=\"theme-post-excerpt.default\">\n\t\t\t\t\t\u00dcgyfel\u00fcnk napi szinten \u00fczleti d\u00f6nt\u00e9seket hoz Power BI riportok alapj\u00e1n, amelyekhez val\u00f3s idej\u0171, megb\u00edzhat\u00f3 adatforr\u00e1sra van sz\u00fcks\u00e9g. A c\u00e9l az volt, hogy saj\u00e1t Windows-alap\u00fa VPS-re telep\u00edtett SQL Szerver seg\u00edts\u00e9g\u00e9vel egy tranzakci\u00f3alap\u00fa szinkroniz\u00e1ci\u00f3s rendszert \u00e9p\u00edts\u00fcnk ki, amely folyamatosan friss\u00edti az adatokat \u00e9s kiszolg\u00e1lja a Power BI lek\u00e9rdez\u00e9seket.\t\t\t\t<\/div>\n\t\t\t\t<\/div>\n\t\t\t\t<div class=\"elementor-element elementor-element-271b636 elementor-widget elementor-widget-button\" data-id=\"271b636\" data-element_type=\"widget\" data-widget_type=\"button.default\">\n\t\t\t\t\t\t\t\t\t\t<a class=\"elementor-button elementor-button-link elementor-size-sm\" href=\"https:\/\/bitnext.pixdev.hu\/en_gb\/tranzakcioalapu-adat-szinkronizacio-sql-szerverek-kozott-power-bi-kiszolgalasara\/\">\n\t\t\t\t\t\t<span class=\"elementor-button-content-wrapper\">\n\t\t\t\t\t\t\t\t\t<span class=\"elementor-button-text\">B\u0151vebben<\/span>\n\t\t\t\t\t<\/span>\n\t\t\t\t\t<\/a>\n\t\t\t\t\t\t\t\t<\/div>\n\t\t\t\t<\/div>\n\t\t\t\t\t<\/div>\n\t\t\t\t<\/div>\n\t\t\t\t<\/div>\n\t\t\t\t<\/div>\n\t\t\n\t\t\t\t\t\t<\/div>\n\t\t\t\t<\/div>\n\t\t\t\t\t<\/div>\n\t\t\t\t<\/div>\n\t\t\t\t<\/div>\n\t\t","protected":false},"excerpt":{"rendered":"","protected":false},"author":1,"featured_media":0,"parent":0,"menu_order":0,"comment_status":"closed","ping_status":"closed","template":"","meta":{"footnotes":""},"class_list":["post-1946","page","type-page","status-publish","hentry"],"_links":{"self":[{"href":"https:\/\/bitnext.pixdev.hu\/en_gb\/wp-json\/wp\/v2\/pages\/1946","targetHints":{"allow":["GET"]}}],"collection":[{"href":"https:\/\/bitnext.pixdev.hu\/en_gb\/wp-json\/wp\/v2\/pages"}],"about":[{"href":"https:\/\/bitnext.pixdev.hu\/en_gb\/wp-json\/wp\/v2\/types\/page"}],"author":[{"embeddable":true,"href":"https:\/\/bitnext.pixdev.hu\/en_gb\/wp-json\/wp\/v2\/users\/1"}],"replies":[{"embeddable":true,"href":"https:\/\/bitnext.pixdev.hu\/en_gb\/wp-json\/wp\/v2\/comments?post=1946"}],"version-history":[{"count":19,"href":"https:\/\/bitnext.pixdev.hu\/en_gb\/wp-json\/wp\/v2\/pages\/1946\/revisions"}],"predecessor-version":[{"id":2176,"href":"https:\/\/bitnext.pixdev.hu\/en_gb\/wp-json\/wp\/v2\/pages\/1946\/revisions\/2176"}],"wp:attachment":[{"href":"https:\/\/bitnext.pixdev.hu\/en_gb\/wp-json\/wp\/v2\/media?parent=1946"}],"curies":[{"name":"wp","href":"https:\/\/api.w.org\/{rel}","templated":true}]}}